{"id":4732,"date":"2023-12-31T16:45:00","date_gmt":"2023-12-31T16:45:00","guid":{"rendered":"https:\/\/ovelspa.com\/?post_type=product&#038;p=4732"},"modified":"2024-01-03T02:16:51","modified_gmt":"2024-01-03T02:16:51","slug":"kit-de-cuidado-facial-ovel","status":"publish","type":"product","link":"https:\/\/ovelspa.com\/index.php\/product\/kit-de-cuidado-facial-ovel\/","title":{"rendered":"Kit de Cuidado Facial OVEL"},"content":{"rendered":"<p>Este Kit es ideal para t\u00ed que est\u00e1s comenzando una rutina de Skin Care. Incluye los productos b\u00e1sicos de cuidado facial para que tu piel luzca hidratada, luminosa y tersa.<\/p>\n<p>Lo que incluye el <em><strong>Kit de Cuidado Facial OVEL:<\/strong><\/em><\/p>\n<p>1 Concentrated Serum<br \/>\n1 Crema Reparadora y Protectora de D\u00eda (opci\u00f3n a 50+)<br \/>\n1 Contorno de Ojos (opci\u00f3n a 50+)<br \/>\n1 Pantalla Solar de Larga Duraci\u00f3n con Color FPS 50+<\/p>\n","protected":false},"excerpt":{"rendered":"<p>Comienza tu rutina de Skin Care con los b\u00e1sicos OVEL<\/p>\n<p><em><strong>Tu Kit de Cuidado Facial OVEL incluye:<\/strong><\/em><\/p>\n<p>1 Concentrated Serum<br \/>\n1 Crema Reparadora y Protectora de D\u00eda (opci\u00f3n a 50+)<br \/>\n1 Contorno de Ojos (opci\u00f3n a 50+)<br \/>\n1 Pantalla Solar de Larga Duraci\u00f3n con Color FPS 50+<\/p>\n","protected":false},"featured_media":4654,"comment_status":"open","ping_status":"closed","template":"","meta":{"om_disable_all_campaigns":false,"_monsterinsights_skip_tracking":false,"_monsterinsights_sitenote_active":false,"_monsterinsights_sitenote_note":"","_monsterinsights_sitenote_category":0,"site-sidebar-layout":"default","site-content-layout":"default","ast-global-header-display":"","ast-main-header-display":"","ast-hfb-above-header-display":"","ast-hfb-below-header-display":"","ast-hfb-mobile-header-display":"","site-post-title":"","ast-breadcrumbs-content":"","ast-featured-img":"","footer-sml-layout":"","theme-transparent-header-meta":"default","adv-header-id-meta":"","stick-header-meta":"","header-above-stick-meta":"","header-main-stick-meta":"","header-below-stick-meta":""},"product_cat":[52],"product_tag":[],"aioseo_notices":[],"_links":{"self":[{"href":"https:\/\/ovelspa.com\/index.php\/wp-json\/wp\/v2\/product\/4732"}],"collection":[{"href":"https:\/\/ovelspa.com\/index.php\/wp-json\/wp\/v2\/product"}],"about":[{"href":"https:\/\/ovelspa.com\/index.php\/wp-json\/wp\/v2\/types\/product"}],"replies":[{"embeddable":true,"href":"https:\/\/ovelspa.com\/index.php\/wp-json\/wp\/v2\/comments?post=4732"}],"version-history":[{"count":1,"href":"https:\/\/ovelspa.com\/index.php\/wp-json\/wp\/v2\/product\/4732\/revisions"}],"predecessor-version":[{"id":4733,"href":"https:\/\/ovelspa.com\/index.php\/wp-json\/wp\/v2\/product\/4732\/revisions\/4733"}],"wp:featuredmedia":[{"embeddable":true,"href":"https:\/\/ovelspa.com\/index.php\/wp-json\/wp\/v2\/media\/4654"}],"wp:attachment":[{"href":"https:\/\/ovelspa.com\/index.php\/wp-json\/wp\/v2\/media?parent=4732"}],"wp:term":[{"taxonomy":"product_cat","embeddable":true,"href":"https:\/\/ovelspa.com\/index.php\/wp-json\/wp\/v2\/product_cat?post=4732"},{"taxonomy":"product_tag","embeddable":true,"href":"https:\/\/ovelspa.com\/index.php\/wp-json\/wp\/v2\/product_tag?post=4732"}],"curies":[{"name":"wp","href":"https:\/\/api.w.org\/{rel}","templated":true}]}}