{"id":375,"date":"2017-12-21T04:45:24","date_gmt":"2017-12-21T04:45:24","guid":{"rendered":"https:\/\/ovelspa.com\/index.php\/product\/dnk-black-shoes\/"},"modified":"2024-01-12T01:47:37","modified_gmt":"2024-01-12T01:47:37","slug":"serum-detox","status":"publish","type":"product","link":"https:\/\/ovelspa.com\/index.php\/product\/serum-detox\/","title":{"rendered":"Concentrated Serum"},"content":{"rendered":"\t\t<div data-elementor-type=\"wp-post\" data-elementor-id=\"375\" class=\"elementor elementor-375\">\n\t\t\t\t\t\t\t\t\t<section class=\"elementor-section elementor-top-section elementor-element elementor-element-7e45b245 elementor-section-boxed elementor-section-height-default elementor-section-height-default\" data-id=\"7e45b245\" data-element_type=\"section\">\n\t\t\t\t\t\t<div class=\"elementor-container elementor-column-gap-default\">\n\t\t\t\t\t<div class=\"elementor-column elementor-col-100 elementor-top-column elementor-element elementor-element-38e304eb\" data-id=\"38e304eb\" data-element_type=\"column\">\n\t\t\t<div class=\"elementor-widget-wrap elementor-element-populated\">\n\t\t\t\t\t\t\t\t<div class=\"elementor-element elementor-element-1872d07f elementor-widget elementor-widget-text-editor\" data-id=\"1872d07f\" data-element_type=\"widget\" data-widget_type=\"text-editor.default\">\n\t\t\t\t<div class=\"elementor-widget-container\">\n\t\t\t<style>\/*! elementor - v3.6.7 - 03-07-2022 *\/\n.elementor-widget-text-editor.elementor-drop-cap-view-stacked .elementor-drop-cap{background-color:#818a91;color:#fff}.elementor-widget-text-editor.elementor-drop-cap-view-framed .elementor-drop-cap{color:#818a91;border:3px solid;background-color:transparent}.elementor-widget-text-editor:not(.elementor-drop-cap-view-default) .elementor-drop-cap{margin-top:8px}.elementor-widget-text-editor:not(.elementor-drop-cap-view-default) .elementor-drop-cap-letter{width:1em;height:1em}.elementor-widget-text-editor .elementor-drop-cap{float:left;text-align:center;line-height:1;font-size:50px}.elementor-widget-text-editor .elementor-drop-cap-letter{display:inline-block}<\/style>\t\t\t\t<p><strong><span style=\"font-style: inherit; background-color: var(--ast-global-color-4);\">S\u00c9RUM DETOX CON ANTIOXIDANTES 60ml <\/span><\/strong><\/p><p><span style=\"font-style: inherit; font-weight: inherit; background-color: var(--ast-global-color-4);\">Recomendado para todas las edades y todos los tipos de piel.<\/span><\/p><p style=\"font-size: 16px; font-style: normal; font-weight: 400;\"><span style=\"font-weight: bold;\">MODO DE USO:<\/span>\u00a0Agitar antes de usar. Aplicar por la ma\u00f1ana y por la noche cantidad suficiente dando un ligero masaje hasta su total absorci\u00f3n.<\/p><div><span style=\"font-style: inherit; font-weight: inherit; background-color: var(--ast-global-color-4);\">De preferencia que sea este producto el primero en aplicar despu\u00e9s de lavar el rostro<\/span><\/div>\t\t\t\t\t\t<\/div>\n\t\t\t\t<\/div>\n\t\t\t\t\t<\/div>\n\t\t<\/div>\n\t\t\t\t\t\t\t<\/div>\n\t\t<\/section>\n\t\t\t\t\t\t\t<\/div>\n\t\t","protected":false},"excerpt":{"rendered":"<p>Hidrata, repara y protege la piel del Medio Ambiente y de los da\u00f1os causados por los Radicales Libres. Mantiene la integridad y refuerza la funci\u00f3n barrera del Estrato C\u00f3rneo.<\/p>\n","protected":false},"featured_media":4754,"comment_status":"open","ping_status":"closed","template":"","meta":{"om_disable_all_campaigns":false,"_monsterinsights_skip_tracking":false,"_monsterinsights_sitenote_active":false,"_monsterinsights_sitenote_note":"","_monsterinsights_sitenote_category":0,"site-sidebar-layout":"default","site-content-layout":"default","ast-global-header-display":"","ast-main-header-display":"","ast-hfb-above-header-display":"","ast-hfb-below-header-display":"","ast-hfb-mobile-header-display":"","site-post-title":"","ast-breadcrumbs-content":"","ast-featured-img":"","footer-sml-layout":"","theme-transparent-header-meta":"default","adv-header-id-meta":"","stick-header-meta":"","header-above-stick-meta":"","header-main-stick-meta":"","header-below-stick-meta":""},"product_cat":[52],"product_tag":[],"aioseo_notices":[],"_links":{"self":[{"href":"https:\/\/ovelspa.com\/index.php\/wp-json\/wp\/v2\/product\/375"}],"collection":[{"href":"https:\/\/ovelspa.com\/index.php\/wp-json\/wp\/v2\/product"}],"about":[{"href":"https:\/\/ovelspa.com\/index.php\/wp-json\/wp\/v2\/types\/product"}],"replies":[{"embeddable":true,"href":"https:\/\/ovelspa.com\/index.php\/wp-json\/wp\/v2\/comments?post=375"}],"version-history":[{"count":18,"href":"https:\/\/ovelspa.com\/index.php\/wp-json\/wp\/v2\/product\/375\/revisions"}],"predecessor-version":[{"id":4753,"href":"https:\/\/ovelspa.com\/index.php\/wp-json\/wp\/v2\/product\/375\/revisions\/4753"}],"wp:featuredmedia":[{"embeddable":true,"href":"https:\/\/ovelspa.com\/index.php\/wp-json\/wp\/v2\/media\/4754"}],"wp:attachment":[{"href":"https:\/\/ovelspa.com\/index.php\/wp-json\/wp\/v2\/media?parent=375"}],"wp:term":[{"taxonomy":"product_cat","embeddable":true,"href":"https:\/\/ovelspa.com\/index.php\/wp-json\/wp\/v2\/product_cat?post=375"},{"taxonomy":"product_tag","embeddable":true,"href":"https:\/\/ovelspa.com\/index.php\/wp-json\/wp\/v2\/product_tag?post=375"}],"curies":[{"name":"wp","href":"https:\/\/api.w.org\/{rel}","templated":true}]}}