{"id":362,"date":"2017-12-21T04:37:29","date_gmt":"2017-12-21T04:37:29","guid":{"rendered":"https:\/\/ovelspa.com\/index.php\/product\/dnk-yellow-shoes\/"},"modified":"2025-11-10T02:10:49","modified_gmt":"2025-11-10T02:10:49","slug":"dnk-yellow-shoes","status":"publish","type":"product","link":"https:\/\/ovelspa.com\/index.php\/product\/dnk-yellow-shoes\/","title":{"rendered":"CREMA REPARADORA Y PROTECTORA DE D\u00cdA"},"content":{"rendered":"<p>Repara la piel y\u00a0 protege \u00a0al ADN (\u00c1cido Desoxirribonucleico). Con efecto antioxidante que reduce el da\u00f1o causado por \u00a0los radicales libres.<\/p>\n<p><em><strong>INDICACIONES DE USO: <\/strong><\/em>Tomar cantidad suficiente y aplicar por la ma\u00f1ana dando\u00a0 un ligero masaje hasta su total absorci\u00f3n.<\/p>\n<p>Para mejores resultados, se recomienda su uso diario.<\/p>\n<p><em><strong>INGREDIENTES ACTIVOS: <\/strong><\/em>\u00c1CIDO HIALUR\u00d3NICO,COL\u00c1GENO, PALMITOIL TETRAP\u00c9PTIDO-7, OLIGOP\u00c9PTIDO, ACETIL HEXAP\u00c9PTIDO-8, (ARGIRELINA), MANURONATO DE METILSILANOL, TRIP\u00c9PTIDO-10 CITRULINA, TRIP\u00c9PTIDO-1, COMPLEJO DE FRUTOS ROJOS.<\/p>\n<p><em>EN CASO DE IRRITACI\u00d3N SUSPENDA SU USO<\/em><\/p>\n","protected":false},"excerpt":{"rendered":"<p><em><b>CREMA REPARADORA Y PROTECTORA DE D\u00cdA: <\/b><\/em>Repara la piel y protege \u00a0al ADN (\u00c1cido Desoxirribonucleico). La Crema Reparadora y Protectora de D\u00eda tiene un efecto antioxidante que reduce el da\u00f1o causado por \u00a0los Radicales Libres debido al Complejo de Frutos Rojos con que est\u00e1 adicionada.<\/p>\n<p>Recomendada para pieles j\u00f3venes.<\/p>\n","protected":false},"featured_media":4639,"comment_status":"open","ping_status":"closed","template":"","meta":{"om_disable_all_campaigns":false,"_monsterinsights_skip_tracking":false,"_monsterinsights_sitenote_active":false,"_monsterinsights_sitenote_note":"","_monsterinsights_sitenote_category":0,"site-sidebar-layout":"default","site-content-layout":"default","ast-global-header-display":"","ast-main-header-display":"","ast-hfb-above-header-display":"","ast-hfb-below-header-display":"","ast-hfb-mobile-header-display":"","site-post-title":"","ast-breadcrumbs-content":"","ast-featured-img":"","footer-sml-layout":"","theme-transparent-header-meta":"default","adv-header-id-meta":"","stick-header-meta":"","header-above-stick-meta":"","header-main-stick-meta":"","header-below-stick-meta":""},"product_cat":[52],"product_tag":[],"aioseo_notices":[],"_links":{"self":[{"href":"https:\/\/ovelspa.com\/index.php\/wp-json\/wp\/v2\/product\/362"}],"collection":[{"href":"https:\/\/ovelspa.com\/index.php\/wp-json\/wp\/v2\/product"}],"about":[{"href":"https:\/\/ovelspa.com\/index.php\/wp-json\/wp\/v2\/types\/product"}],"replies":[{"embeddable":true,"href":"https:\/\/ovelspa.com\/index.php\/wp-json\/wp\/v2\/comments?post=362"}],"version-history":[{"count":3,"href":"https:\/\/ovelspa.com\/index.php\/wp-json\/wp\/v2\/product\/362\/revisions"}],"predecessor-version":[{"id":4640,"href":"https:\/\/ovelspa.com\/index.php\/wp-json\/wp\/v2\/product\/362\/revisions\/4640"}],"wp:featuredmedia":[{"embeddable":true,"href":"https:\/\/ovelspa.com\/index.php\/wp-json\/wp\/v2\/media\/4639"}],"wp:attachment":[{"href":"https:\/\/ovelspa.com\/index.php\/wp-json\/wp\/v2\/media?parent=362"}],"wp:term":[{"taxonomy":"product_cat","embeddable":true,"href":"https:\/\/ovelspa.com\/index.php\/wp-json\/wp\/v2\/product_cat?post=362"},{"taxonomy":"product_tag","embeddable":true,"href":"https:\/\/ovelspa.com\/index.php\/wp-json\/wp\/v2\/product_tag?post=362"}],"curies":[{"name":"wp","href":"https:\/\/api.w.org\/{rel}","templated":true}]}}