{"id":252,"date":"2017-12-19T10:50:44","date_gmt":"2017-12-19T10:50:44","guid":{"rendered":"https:\/\/ovelspa.com\/index.php\/product\/blue-denim-jeans\/"},"modified":"2025-04-13T00:32:08","modified_gmt":"2025-04-13T00:32:08","slug":"blue-denim-jeans","status":"publish","type":"product","link":"https:\/\/ovelspa.com\/index.php\/product\/blue-denim-jeans\/","title":{"rendered":"CREMA REPARADORA Y PROTECTORA DE D\u00cdA 50+"},"content":{"rendered":"<p>Crema para una piel madura que gracias a la combinaci\u00f3n de p\u00e9ptidos repara y protege al ADN (\u00c1cido Desoxirribonucleico).<\/p>\n<p>Adem\u00e1s su efecto antioxidante reduce el da\u00f1o ocasionado\u00a0 por Radicales Libres.<\/p>\n<p><em><strong>INDICACIONES DE USO: <\/strong><\/em>Tomar cantidad suficiente\u00a0 y aplicar por la ma\u00f1ana dando un ligero masaje hasta su total absorci\u00f3n.<\/p>\n<p>Para mejores resultados, se recomienda su uso diario.<\/p>\n<p><em><strong>INGREDIENTES ACTIVOS: <\/strong><\/em>\u00c1CIDO HIALUR\u00d3NCICO, ISOMERATO DE SAC\u00c1RIDO,\u00a0 COL\u00c1GENO, PALMITOIL TETRAP\u00c9PTIDO-7, PALMITOIL OLIGOP\u00c9PTIDO, ACETIL HEXAP\u00c9PTIDO-8 (ARGIRELINE), MANURONATO DE METILSILANOL, TRIP\u00c9PTIDO 10 CITRULINA, TRIP\u00c9PTIDO-1, COMPLEJO DE FRUROS ROJOS.<\/p>\n<p><em>EN CASO DE IRRITACI\u00d3N SUSPENDA SU USO<\/em><\/p>\n","protected":false},"excerpt":{"rendered":"<p><b><em>CREMA REPARADORA Y PROTECTORA DE D\u00cdA 50+: <\/em><\/b>Crema formulada especialmente para una piel madura que gracias a la combinaci\u00f3n de p\u00e9ptidos repara y protege al ADN (\u00c1cido Desoxirribonucleico).<\/p>\n<p>Adem\u00e1s gracias a los antioxidantes aportados por el Complejo de Frutos Rojos con la que est\u00e1 adicionada, esta crema combate los efectos nocivos generados por los Radicales Libres brind\u00e1ndole a tu piel una textura m\u00e1s tersa y luminosa.<\/p>\n","protected":false},"featured_media":4641,"comment_status":"open","ping_status":"closed","template":"","meta":{"om_disable_all_campaigns":false,"_monsterinsights_skip_tracking":false,"_monsterinsights_sitenote_active":false,"_monsterinsights_sitenote_note":"","_monsterinsights_sitenote_category":0,"site-sidebar-layout":"default","site-content-layout":"default","ast-global-header-display":"","ast-main-header-display":"","ast-hfb-above-header-display":"","ast-hfb-below-header-display":"","ast-hfb-mobile-header-display":"","site-post-title":"","ast-breadcrumbs-content":"","ast-featured-img":"","footer-sml-layout":"","theme-transparent-header-meta":"default","adv-header-id-meta":"","stick-header-meta":"default","header-above-stick-meta":"","header-main-stick-meta":"","header-below-stick-meta":""},"product_cat":[52],"product_tag":[],"aioseo_notices":[],"_links":{"self":[{"href":"https:\/\/ovelspa.com\/index.php\/wp-json\/wp\/v2\/product\/252"}],"collection":[{"href":"https:\/\/ovelspa.com\/index.php\/wp-json\/wp\/v2\/product"}],"about":[{"href":"https:\/\/ovelspa.com\/index.php\/wp-json\/wp\/v2\/types\/product"}],"replies":[{"embeddable":true,"href":"https:\/\/ovelspa.com\/index.php\/wp-json\/wp\/v2\/comments?post=252"}],"version-history":[{"count":4,"href":"https:\/\/ovelspa.com\/index.php\/wp-json\/wp\/v2\/product\/252\/revisions"}],"predecessor-version":[{"id":4785,"href":"https:\/\/ovelspa.com\/index.php\/wp-json\/wp\/v2\/product\/252\/revisions\/4785"}],"wp:featuredmedia":[{"embeddable":true,"href":"https:\/\/ovelspa.com\/index.php\/wp-json\/wp\/v2\/media\/4641"}],"wp:attachment":[{"href":"https:\/\/ovelspa.com\/index.php\/wp-json\/wp\/v2\/media?parent=252"}],"wp:term":[{"taxonomy":"product_cat","embeddable":true,"href":"https:\/\/ovelspa.com\/index.php\/wp-json\/wp\/v2\/product_cat?post=252"},{"taxonomy":"product_tag","embeddable":true,"href":"https:\/\/ovelspa.com\/index.php\/wp-json\/wp\/v2\/product_tag?post=252"}],"curies":[{"name":"wp","href":"https:\/\/api.w.org\/{rel}","templated":true}]}}