{"id":247,"date":"2017-12-19T10:50:33","date_gmt":"2017-12-19T10:50:33","guid":{"rendered":"https:\/\/ovelspa.com\/index.php\/product\/basic-gray-jeans\/"},"modified":"2025-05-24T02:56:06","modified_gmt":"2025-05-24T02:56:06","slug":"basic-gray-jeans","status":"publish","type":"product","link":"https:\/\/ovelspa.com\/index.php\/product\/basic-gray-jeans\/","title":{"rendered":"Aceite de \u00c1rgan"},"content":{"rendered":"<p>MODO DE USO: Aplicar cantidad suficiente por la ma\u00f1ana y por la noche dando un ligero masaje hasta lograr su total absorci\u00f3n.<\/p>\n<p>Por su elevado costo y que el Aceite de Arg\u00e1n solo se extrae de una determinada regi\u00f3n se le conoce como el ORO L\u00cdQUIDO DE MARRUECOS.<\/p>\n","protected":false},"excerpt":{"rendered":"<p>Nam nec tellus a odio tincidunt auctor a ornare odio. Sed non mauris vitae erat consequat auctor eu in elit. Class aptent taciti sociosqu ad litora torquent per conubia nostra, per inceptos himenaeos. Mauris in erat justo. Nullam ac urna eu felis dapibus condimentum sit amet a augue. Sed non neque elit sed .<\/p>\n","protected":false},"featured_media":4756,"comment_status":"open","ping_status":"closed","template":"","meta":{"om_disable_all_campaigns":false,"_monsterinsights_skip_tracking":false,"_monsterinsights_sitenote_active":false,"_monsterinsights_sitenote_note":"","_monsterinsights_sitenote_category":0,"site-sidebar-layout":"default","site-content-layout":"default","ast-global-header-display":"","ast-main-header-display":"","ast-hfb-above-header-display":"","ast-hfb-below-header-display":"","ast-hfb-mobile-header-display":"","site-post-title":"","ast-breadcrumbs-content":"","ast-featured-img":"","footer-sml-layout":"","theme-transparent-header-meta":"default","adv-header-id-meta":"","stick-header-meta":"default","header-above-stick-meta":"","header-main-stick-meta":"","header-below-stick-meta":""},"product_cat":[52],"product_tag":[],"aioseo_notices":[],"_links":{"self":[{"href":"https:\/\/ovelspa.com\/index.php\/wp-json\/wp\/v2\/product\/247"}],"collection":[{"href":"https:\/\/ovelspa.com\/index.php\/wp-json\/wp\/v2\/product"}],"about":[{"href":"https:\/\/ovelspa.com\/index.php\/wp-json\/wp\/v2\/types\/product"}],"replies":[{"embeddable":true,"href":"https:\/\/ovelspa.com\/index.php\/wp-json\/wp\/v2\/comments?post=247"}],"version-history":[{"count":4,"href":"https:\/\/ovelspa.com\/index.php\/wp-json\/wp\/v2\/product\/247\/revisions"}],"predecessor-version":[{"id":4659,"href":"https:\/\/ovelspa.com\/index.php\/wp-json\/wp\/v2\/product\/247\/revisions\/4659"}],"wp:featuredmedia":[{"embeddable":true,"href":"https:\/\/ovelspa.com\/index.php\/wp-json\/wp\/v2\/media\/4756"}],"wp:attachment":[{"href":"https:\/\/ovelspa.com\/index.php\/wp-json\/wp\/v2\/media?parent=247"}],"wp:term":[{"taxonomy":"product_cat","embeddable":true,"href":"https:\/\/ovelspa.com\/index.php\/wp-json\/wp\/v2\/product_cat?post=247"},{"taxonomy":"product_tag","embeddable":true,"href":"https:\/\/ovelspa.com\/index.php\/wp-json\/wp\/v2\/product_tag?post=247"}],"curies":[{"name":"wp","href":"https:\/\/api.w.org\/{rel}","templated":true}]}}