{"id":210,"date":"2017-12-19T09:56:29","date_gmt":"2017-12-19T09:56:29","guid":{"rendered":"https:\/\/ovelspa.com\/index.php\/product\/flamingo-tshirt\/"},"modified":"2023-12-30T00:26:43","modified_gmt":"2023-12-30T00:26:43","slug":"pantalla-solar-de-larga-duracion-con-color-50","status":"publish","type":"product","link":"https:\/\/ovelspa.com\/index.php\/product\/pantalla-solar-de-larga-duracion-con-color-50\/","title":{"rendered":"PANTALLA SOLAR DE LARGA DURACI\u00d3N CON COLOR 50+"},"content":{"rendered":"<p>Protege la piel contra los da\u00f1os causados por el Sol, filtrando los rayos UVA\/UVB.<\/p>\n<p>Adicionada con un complejo Multivitam\u00ednico y \u00c1cido Hialur\u00f3nico que \u00a0proporciona hidrataci\u00f3n y humectaci\u00f3n a tu piel.<\/p>\n<p><em><strong>INDICACIONES DE USO: <\/strong><\/em>Aplique cantidad suficiente en el rostro, cuello y escote dejando una ligera capa (que sea el \u00faltimo producto que se aplica).<\/p>\n<p><em><strong>INGREDIENTES ACTIVOS: <\/strong><\/em>VITAMINAS, AMINO\u00c1CIDOS ESENCIALES, \u00c1CIDO HIALUR\u00d3NICO Y PIGMENTOS DE COLOR.<\/p>\n<p><em>\u00a0<\/em><em>EN CASO DE IRRITACI\u00d3N SUSPENDA SU USO<\/em><\/p>\n","protected":false},"excerpt":{"rendered":"<p><em><strong>PANTALLA SOLAR DE LARGA DURACI\u00d3N CON COLOR 50+: <\/strong><\/em>Protege la piel contra los da\u00f1os ocasionados por el Sol, filtrando los rayos UVA\/UVB.<\/p>\n<p>A diferencia de un maquillaje, nuestra pantalla Solar de Larga Duraci\u00f3n con Color 50+ no fondea, esto quiere decir que deja la piel con un ligero toque de color y se ve natural. No es oclusiva ni comedog\u00e9nica. Su acabado es mate y brinda un toque de luminosidad a tu piel debido al Complejo Multivitam\u00ednico y al \u00c1cido Hialur\u00f3nico con que es adicionada.<\/p>\n","protected":false},"featured_media":4636,"comment_status":"open","ping_status":"closed","template":"","meta":{"om_disable_all_campaigns":false,"_monsterinsights_skip_tracking":false,"_monsterinsights_sitenote_active":false,"_monsterinsights_sitenote_note":"","_monsterinsights_sitenote_category":0,"site-sidebar-layout":"default","site-content-layout":"default","ast-global-header-display":"","ast-main-header-display":"","ast-hfb-above-header-display":"","ast-hfb-below-header-display":"","ast-hfb-mobile-header-display":"","site-post-title":"","ast-breadcrumbs-content":"","ast-featured-img":"","footer-sml-layout":"","theme-transparent-header-meta":"default","adv-header-id-meta":"","stick-header-meta":"default","header-above-stick-meta":"","header-main-stick-meta":"","header-below-stick-meta":""},"product_cat":[52],"product_tag":[],"aioseo_notices":[],"_links":{"self":[{"href":"https:\/\/ovelspa.com\/index.php\/wp-json\/wp\/v2\/product\/210"}],"collection":[{"href":"https:\/\/ovelspa.com\/index.php\/wp-json\/wp\/v2\/product"}],"about":[{"href":"https:\/\/ovelspa.com\/index.php\/wp-json\/wp\/v2\/types\/product"}],"replies":[{"embeddable":true,"href":"https:\/\/ovelspa.com\/index.php\/wp-json\/wp\/v2\/comments?post=210"}],"version-history":[{"count":3,"href":"https:\/\/ovelspa.com\/index.php\/wp-json\/wp\/v2\/product\/210\/revisions"}],"predecessor-version":[{"id":4638,"href":"https:\/\/ovelspa.com\/index.php\/wp-json\/wp\/v2\/product\/210\/revisions\/4638"}],"wp:featuredmedia":[{"embeddable":true,"href":"https:\/\/ovelspa.com\/index.php\/wp-json\/wp\/v2\/media\/4636"}],"wp:attachment":[{"href":"https:\/\/ovelspa.com\/index.php\/wp-json\/wp\/v2\/media?parent=210"}],"wp:term":[{"taxonomy":"product_cat","embeddable":true,"href":"https:\/\/ovelspa.com\/index.php\/wp-json\/wp\/v2\/product_cat?post=210"},{"taxonomy":"product_tag","embeddable":true,"href":"https:\/\/ovelspa.com\/index.php\/wp-json\/wp\/v2\/product_tag?post=210"}],"curies":[{"name":"wp","href":"https:\/\/api.w.org\/{rel}","templated":true}]}}