{"id":194,"date":"2017-12-19T09:54:28","date_gmt":"2017-12-19T09:54:28","guid":{"rendered":"https:\/\/ovelspa.com\/index.php\/product\/white-underground-tshirt\/"},"modified":"2024-01-03T02:44:35","modified_gmt":"2024-01-03T02:44:35","slug":"white-underground-tshirt","status":"publish","type":"product","link":"https:\/\/ovelspa.com\/index.php\/product\/white-underground-tshirt\/","title":{"rendered":"CREMA REAFIRMANTE PARA CUELLO Y ESCOTE"},"content":{"rendered":"<p>Act\u00faa como cemento cimentando las c\u00e9lulas del tejido conectivo previniendo la flacidez y elastosis de cuello y escote.<\/p>\n<p><em><strong>INDICACIONES DE USO: <\/strong><\/em>Tomar cantidad suficiente \u00a0y aplicar por la ma\u00f1ana dando\u00a0 un ligero masaje en el cuello y escote de abajo hacia arriba hasta su total absorci\u00f3n.<\/p>\n<p>Para mejores resultados, \u00a0se recomienda su uso diario as\u00ed como la aplicaci\u00f3n de<\/p>\n<p><strong>PANTALLA SOLAR DE LARGA DURACI\u00d3N CON COLOR 50+.<\/strong><\/p>\n<p><strong>INGREDIENTES ACTIVOS: <\/strong>\u00c1CIDO HIALUR\u00d3NCICO, ISOMERATO DE SAC\u00c1RIDO, COL\u00c1GENO, PALMITOIL TETRAP\u00c9PTIDO-7, PALMITOIL OLIGOP\u00c9PTIDO, ACETIL HEXAP\u00c9PTIDO-8 (ARGIRELINE), MANURONATO DE METILSILANOL, TRIP\u00c9PTIDO 10 CITRULINA, TRIP\u00c9PTIDO-1, COMPLEJO DE FRUROS ROJOS.<\/p>\n<p><em>EN CASO DE IRRITACI\u00d3N SUSPENDA SU USO<\/em><\/p>\n","protected":false},"excerpt":{"rendered":"<p><em><b>CREMA REAFIRMANTE PARA CUELLO Y ESCOTE:\u00a0<\/b><\/em>Gracias a la combinaci\u00f3n de activos espec\u00edficamente a\u00f1adidos para cuidar la piel del cuello y escote podr\u00e1s prevenir la flacidez y elastosis causada por el paso del tiempo.<\/p>\n<p>&nbsp;<\/p>\n","protected":false},"featured_media":4745,"comment_status":"open","ping_status":"closed","template":"","meta":{"om_disable_all_campaigns":false,"_monsterinsights_skip_tracking":false,"_monsterinsights_sitenote_active":false,"_monsterinsights_sitenote_note":"","_monsterinsights_sitenote_category":0,"site-sidebar-layout":"default","site-content-layout":"default","ast-global-header-display":"","ast-main-header-display":"","ast-hfb-above-header-display":"","ast-hfb-below-header-display":"","ast-hfb-mobile-header-display":"","site-post-title":"","ast-breadcrumbs-content":"","ast-featured-img":"","footer-sml-layout":"","theme-transparent-header-meta":"default","adv-header-id-meta":"","stick-header-meta":"default","header-above-stick-meta":"","header-main-stick-meta":"","header-below-stick-meta":""},"product_cat":[52],"product_tag":[],"aioseo_notices":[],"_links":{"self":[{"href":"https:\/\/ovelspa.com\/index.php\/wp-json\/wp\/v2\/product\/194"}],"collection":[{"href":"https:\/\/ovelspa.com\/index.php\/wp-json\/wp\/v2\/product"}],"about":[{"href":"https:\/\/ovelspa.com\/index.php\/wp-json\/wp\/v2\/types\/product"}],"replies":[{"embeddable":true,"href":"https:\/\/ovelspa.com\/index.php\/wp-json\/wp\/v2\/comments?post=194"}],"version-history":[{"count":2,"href":"https:\/\/ovelspa.com\/index.php\/wp-json\/wp\/v2\/product\/194\/revisions"}],"predecessor-version":[{"id":4651,"href":"https:\/\/ovelspa.com\/index.php\/wp-json\/wp\/v2\/product\/194\/revisions\/4651"}],"wp:featuredmedia":[{"embeddable":true,"href":"https:\/\/ovelspa.com\/index.php\/wp-json\/wp\/v2\/media\/4745"}],"wp:attachment":[{"href":"https:\/\/ovelspa.com\/index.php\/wp-json\/wp\/v2\/media?parent=194"}],"wp:term":[{"taxonomy":"product_cat","embeddable":true,"href":"https:\/\/ovelspa.com\/index.php\/wp-json\/wp\/v2\/product_cat?post=194"},{"taxonomy":"product_tag","embeddable":true,"href":"https:\/\/ovelspa.com\/index.php\/wp-json\/wp\/v2\/product_tag?post=194"}],"curies":[{"name":"wp","href":"https:\/\/api.w.org\/{rel}","templated":true}]}}